{"id":89,"date":"2013-08-11T19:22:53","date_gmt":"2013-08-11T19:22:53","guid":{"rendered":"http:\/\/localhost:8888\/test\/?page_id=532"},"modified":"2021-02-17T14:56:27","modified_gmt":"2021-02-17T19:56:27","slug":"contactos","status":"publish","type":"page","link":"https:\/\/www.2amigospizzas.com\/2amigos\/contactos\/","title":{"rendered":"Contactos"},"content":{"rendered":"\n\n\t<script type=\"text\/javascript\">\n  jQuery( document ).ready(function() {\n    function initialize() {\n        var styles = {\n            'flatsome':  [{\n            \"featureType\": \"administrative\",\n            \"stylers\": [\n              { \"visibility\": \"on\" }\n            ]\n          },\n          {\n            \"featureType\": \"road\",\n            \"stylers\": [\n              { \"visibility\": \"on\" },\n              { \"hue\": \"\" }\n            ]\n          },\n          {\n            \"stylers\": [\n\t\t\t  { \"visibility\": \"on\" },\n\t\t\t  { \"hue\": \"\" },\n\t\t\t  { \"saturation\": -30 }\n            ]\n          }\n        ]};\n\n        var myLatlng = new google.maps.LatLng(40.79028, -73.95972);\n        var myOptions = {\n            zoom: 17,\n            center: myLatlng,\n            mapTypeId: google.maps.MapTypeId.ROADMAP,\n            disableDefaultUI: true,\n            mapTypeId: 'flatsome',\n            draggable: true,\n            zoomControl: false,\n            zoomControlOptions: {\n              position: google.maps.ControlPosition.TOP_LEFT\n            },\n      \t\t\tmapTypeControl: false,\n            mapTypeControlOptions: {\n              position: google.maps.ControlPosition.TOP_LEFT\n            },\n      \t\t\tstreetViewControl: false,\n            streetViewControlOptions: {\n              position: google.maps.ControlPosition.TOP_LEFT\n            },\n            scrollwheel: false,\n            disableDoubleClickZoom: true\n        }\n        var map = new google.maps.Map(document.getElementById(\"map-2707616390-inner\"), myOptions);\n        var styledMapType = new google.maps.StyledMapType(styles['flatsome'], {name: 'flatsome'});\n        map.mapTypes.set('flatsome', styledMapType);\n\n        var marker = new google.maps.Marker({\n            position: myLatlng,\n            map: map,\n            title:\"\"\n        });\n    }\n\n    \/\/ Required to proceed\n    if (!(typeof google === 'object' && typeof google.maps === 'object')) {\n      return\n    }\n\n    initialize()\n    google.maps.event.addDomListener(window, 'resize', initialize);\n    });\n    <\/script>\n\n    <div class=\"google-map relative mb\" id=\"map-2707616390\">\n        <div class=\"map-height\" id=\"map-2707616390-inner\"><\/div>\n        <div id=\"map_overlay_top\"><\/div>\n        <div id=\"map_overlay_bottom\"><\/div>\n                  <div class=\"map_inner map-inner last-reset absolute x95 md-x95 lg-x95 y95 md-y95 lg-y95\">\n              \n\n<h3>Calle 3 entre 8 y 10, Bejucal, Mayabeque, Cuba<\/h3>\n<p>Abiertos de Mi\u00e9rcoles a Domingo, desde las\u00a0 11:00 a.m. \u2013 12:00 p.m<\/p>\n\n         <\/div>\n       \n       \n<style>\n#map-2707616390 .map-inner {\n  background-color: #fff;\n  max-width: 30%;\n}\n#map-2707616390 .map-height {\n  height: 400px;\n}\n<\/style>\n    <\/div>\n\n\t\n<div class=\"row\"  id=\"row-1948750029\">\n\n\n\t<div id=\"col-2087062726\" class=\"col medium-6 large-6\"  >\n\t\t\t\t<div class=\"col-inner\"  >\n\t\t\t\n\t\t\t\n\n<div class=\"container section-title-container\" ><h3 class=\"section-title section-title-normal\"><b><\/b><span class=\"section-title-main\" >Respuestas a preguntas frecuentes<\/span><b><\/b><\/h3><\/div>\n\n<p class=\"lead\">Lea primero las respuestas a preguntas antes de mandarnos un email<\/p>\n<div class=\"accordion\">\n\n\t<div id=\"accordion-7872176\" class=\"accordion-item\">\n\t\t<a id=\"accordion-7872176-label\" class=\"accordion-title plain\" href=\"#accordion-item-\u00bfhay-alg\u00fan-recargo-por-el-env\u00edo?\" aria-expanded=\"false\" aria-controls=\"accordion-7872176-content\" >\n\t\t\t<button class=\"toggle\" aria-label=\"Toggle\"><i class=\"icon-angle-down\"><\/i><\/button>\n\t\t\t<span>\u00bfHay alg\u00fan recargo por el env\u00edo?<\/span>\n\t\t<\/a>\n\t\t<div id=\"accordion-7872176-content\" class=\"accordion-inner\" aria-labelledby=\"accordion-7872176-label\" >\n\t\t\t\n\n<p>No. El env\u00edo es totalmente gratuito<\/p>\n\n\t\t<\/div>\n\t<\/div>\n\t\n\t<div id=\"accordion-1037508354\" class=\"accordion-item\">\n\t\t<a id=\"accordion-1037508354-label\" class=\"accordion-title plain\" href=\"#accordion-item-\u00bfse-puede-hacer-un-pedido-para-el-d\u00eda?\" aria-expanded=\"false\" aria-controls=\"accordion-1037508354-content\" >\n\t\t\t<button class=\"toggle\" aria-label=\"Toggle\"><i class=\"icon-angle-down\"><\/i><\/button>\n\t\t\t<span>\u00bfSe puede hacer un pedido para el d\u00eda?<\/span>\n\t\t<\/a>\n\t\t<div id=\"accordion-1037508354-content\" class=\"accordion-inner\" aria-labelledby=\"accordion-1037508354-label\" >\n\t\t\t\n\n<p>Por el momento, dada la demanda de pedidos para entregar que la nueva situaci\u00f3n epidemiol\u00f3gica nos ha impuesto, s\u00f3lo aceptamos pedidos con 24 horas de antelaci\u00f3n m\u00ednimo a la fecha deseada de entrega.\u00a0<\/p>\n\n\t\t<\/div>\n\t<\/div>\n\t\n\t<div id=\"accordion-2896906207\" class=\"accordion-item\">\n\t\t<a id=\"accordion-2896906207-label\" class=\"accordion-title plain\" href=\"#accordion-item-\u00bfqu\u00e9-m\u00e9todos-de-pago-se-aceptan-para-la-compra-online?\" aria-expanded=\"false\" aria-controls=\"accordion-2896906207-content\" >\n\t\t\t<button class=\"toggle\" aria-label=\"Toggle\"><i class=\"icon-angle-down\"><\/i><\/button>\n\t\t\t<span>\u00bfQu\u00e9 m\u00e9todos de pago se aceptan para la compra online?<\/span>\n\t\t<\/a>\n\t\t<div id=\"accordion-2896906207-content\" class=\"accordion-inner\" aria-labelledby=\"accordion-2896906207-label\" >\n\t\t\t\n\n<p>Aceptamos transferencias bancarias directas o el pago mediante uso de tarjetas de cr\u00e9dito, adem\u00e1s de la pasarela de pago PayPal.<\/p>\n\n\t\t<\/div>\n\t<\/div>\n\t\n\t<div id=\"accordion-2691628067\" class=\"accordion-item\">\n\t\t<a id=\"accordion-2691628067-label\" class=\"accordion-title plain\" href=\"#accordion-item-\u00bfqu\u00e9-pasa-si-no-estoy-en-casa-en-el-momento-de-la-entrega?\" aria-expanded=\"false\" aria-controls=\"accordion-2691628067-content\" >\n\t\t\t<button class=\"toggle\" aria-label=\"Toggle\"><i class=\"icon-angle-down\"><\/i><\/button>\n\t\t\t<span>\u00bfQu\u00e9 pasa si no estoy en casa en el momento de la entrega?<\/span>\n\t\t<\/a>\n\t\t<div id=\"accordion-2691628067-content\" class=\"accordion-inner\" aria-labelledby=\"accordion-2691628067-label\" >\n\t\t\t\n\n<p>En caso de no encontrarse en el lugar acordado para la entrega, debe recoger el pedido en el restaurante.<\/p>\n<p>El pedido se pierde cuando el restaurante cesa su labor.<\/p>\n\n\t\t<\/div>\n\t<\/div>\n\t\n\n<\/div>\n\n\t\t<\/div>\n\t\t\t\t\t<\/div>\n\n\t\n\n\t<div id=\"col-520778431\" class=\"col medium-6 large-6\"  >\n\t\t\t\t<div class=\"col-inner\"  >\n\t\t\t\n\t\t\t\n\n<div class=\"container section-title-container\" ><h3 class=\"section-title section-title-normal\"><b><\/b><span class=\"section-title-main\" >Env\u00edanos un email<\/span><b><\/b><\/h3><\/div>\n\n[contact-form-7 id=\u00bb6&#8243;]\n\n\n\t\t<\/div>\n\t\t\t\t\t<\/div>\n\n\t\n\n<\/div>\n<p>\u00a0<\/p>\n\n","protected":false},"excerpt":{"rendered":"<p>\u00a0<\/p>\n","protected":false},"author":1,"featured_media":17,"parent":0,"menu_order":0,"comment_status":"closed","ping_status":"closed","template":"page-blank.php","meta":{"footnotes":""},"class_list":["post-89","page","type-page","status-publish","has-post-thumbnail","hentry"],"aioseo_notices":[],"_links":{"self":[{"href":"https:\/\/www.2amigospizzas.com\/2amigos\/wp-json\/wp\/v2\/pages\/89","targetHints":{"allow":["GET"]}}],"collection":[{"href":"https:\/\/www.2amigospizzas.com\/2amigos\/wp-json\/wp\/v2\/pages"}],"about":[{"href":"https:\/\/www.2amigospizzas.com\/2amigos\/wp-json\/wp\/v2\/types\/page"}],"author":[{"embeddable":true,"href":"https:\/\/www.2amigospizzas.com\/2amigos\/wp-json\/wp\/v2\/users\/1"}],"replies":[{"embeddable":true,"href":"https:\/\/www.2amigospizzas.com\/2amigos\/wp-json\/wp\/v2\/comments?post=89"}],"version-history":[{"count":3,"href":"https:\/\/www.2amigospizzas.com\/2amigos\/wp-json\/wp\/v2\/pages\/89\/revisions"}],"predecessor-version":[{"id":738,"href":"https:\/\/www.2amigospizzas.com\/2amigos\/wp-json\/wp\/v2\/pages\/89\/revisions\/738"}],"wp:featuredmedia":[{"embeddable":true,"href":"https:\/\/www.2amigospizzas.com\/2amigos\/wp-json\/wp\/v2\/media\/17"}],"wp:attachment":[{"href":"https:\/\/www.2amigospizzas.com\/2amigos\/wp-json\/wp\/v2\/media?parent=89"}],"curies":[{"name":"wp","href":"https:\/\/api.w.org\/{rel}","templated":true}]}}